{"id":8,"date":"2025-09-29T10:00:53","date_gmt":"2025-09-29T10:00:53","guid":{"rendered":"https:\/\/procesos-con-ia.com\/?page_id=8"},"modified":"2025-10-10T13:38:04","modified_gmt":"2025-10-10T13:38:04","slug":"prueba","status":"publish","type":"page","link":"https:\/\/procesos-con-ia.com\/en\/","title":{"rendered":"Principal"},"content":{"rendered":"<div class=\"wp-block-cover has-custom-content-position is-position-top-center\" style=\"margin-top:0;margin-bottom:0;padding-top:var(--wp--preset--spacing--80);padding-right:0;padding-bottom:0;box-shadow:var(--wp--preset--shadow--natural);min-height:100.1vh;aspect-ratio:unset;\"><img loading=\"lazy\" decoding=\"async\" width=\"2560\" height=\"1706\" class=\"wp-block-cover__image-background wp-image-194\" alt=\"Rascacielos\" src=\"https:\/\/procesos-con-ia.com\/wp-content\/uploads\/2025\/09\/2017-10-27-06-31-53-scaled.jpg\" style=\"object-position:100% 48%\" data-object-fit=\"cover\" data-object-position=\"100% 48%\" srcset=\"https:\/\/procesos-con-ia.com\/wp-content\/uploads\/2025\/09\/2017-10-27-06-31-53-scaled.jpg 2560w, https:\/\/procesos-con-ia.com\/wp-content\/uploads\/2025\/09\/2017-10-27-06-31-53-300x200.jpg 300w, https:\/\/procesos-con-ia.com\/wp-content\/uploads\/2025\/09\/2017-10-27-06-31-53-1024x683.jpg 1024w, https:\/\/procesos-con-ia.com\/wp-content\/uploads\/2025\/09\/2017-10-27-06-31-53-768x512.jpg 768w, https:\/\/procesos-con-ia.com\/wp-content\/uploads\/2025\/09\/2017-10-27-06-31-53-1536x1024.jpg 1536w, https:\/\/procesos-con-ia.com\/wp-content\/uploads\/2025\/09\/2017-10-27-06-31-53-2048x1365.jpg 2048w\" sizes=\"auto, (max-width: 2560px) 100vw, 2560px\" \/><span aria-hidden=\"true\" class=\"wp-block-cover__background has-background-dim\"><\/span><div class=\"wp-block-cover__inner-container is-layout-flow wp-container-core-cover-is-layout-475c777f wp-block-cover-is-layout-flow\">\n<div style=\"height:120px\" aria-hidden=\"true\" class=\"wp-block-spacer\"><\/div>\n\n\n\n<div class=\"wp-block-columns alignwide are-vertically-aligned-top has-small-font-size is-layout-flex wp-container-core-columns-is-layout-281f3772 wp-block-columns-is-layout-flex\" style=\"padding-right:var(--wp--preset--spacing--80);padding-left:var(--wp--preset--spacing--80)\">\n<div class=\"wp-block-column is-vertically-aligned-top is-content-justification-center is-layout-constrained wp-container-core-column-is-layout-938a57f1 wp-block-column-is-layout-constrained\">\n<div class=\"wp-block-group is-horizontal is-content-justification-left is-nowrap is-layout-flex wp-container-core-group-is-layout-8ad9adab wp-block-group-is-layout-flex\"><\/div>\n<\/div>\n\n\n\n<div class=\"wp-block-column is-vertically-aligned-top has-black-background-color has-background is-layout-flow wp-block-column-is-layout-flow\" style=\"border-radius:17px;padding-top:var(--wp--preset--spacing--30);padding-right:var(--wp--preset--spacing--30);padding-bottom:var(--wp--preset--spacing--30);padding-left:var(--wp--preset--spacing--30);flex-basis:40%\">\n<h1 class=\"wp-block-heading has-text-align-center has-ast-global-color-4-color has-text-color has-link-color wp-elements-947942b69e922dccee481a2fa22cb664\" style=\"border-radius:0px;font-size:33px\"><strong>Comprometidos con la innovaci\u00f3n y el desarrollo<\/strong><\/h1>\n\n\n\n<p class=\"has-text-align-center has-ast-global-color-4-color has-text-color has-link-color wp-elements-f6814cb3a73416026e23a4970f64b508\" style=\"border-radius:0px;margin-right:var(--wp--preset--spacing--80);margin-left:var(--wp--preset--spacing--80);font-size:18px\">Procesos con IA, fundada en 2021, crea soluciones con inteligencia artificial para optimizar operaciones, mejorar decisiones y aumentar la productividad.<\/p>\n<\/div>\n<\/div>\n<\/div><\/div>\n\n\n\n<div style=\"height:55px\" aria-hidden=\"true\" class=\"wp-block-spacer\"><\/div>\n\n\n\n<div class=\"wp-block-group alignfull is-style-section-1 has-small-font-size is-layout-constrained wp-container-core-group-is-layout-81173262 wp-block-group-is-layout-constrained\" style=\"margin-top:0;margin-bottom:0;padding-top:var(--wp--preset--spacing--10);padding-right:6.1rem;padding-bottom:var(--wp--preset--spacing--10);padding-left:6.1rem\">\n<div class=\"wp-block-columns alignwide has-small-font-size is-layout-flex wp-container-core-columns-is-layout-f7cb5f4d wp-block-columns-is-layout-flex\">\n<div class=\"wp-block-column has-small-font-size is-layout-flow wp-block-column-is-layout-flow\" style=\"flex-basis:50%\">\n<figure class=\"wp-block-gallery has-nested-images columns-default is-cropped wp-block-gallery-1 is-layout-flex wp-block-gallery-is-layout-flex\" style=\"border-style:none;border-width:0px;border-radius:0px;margin-top:0;margin-right:0\">\n<figure class=\"wp-block-image size-full has-custom-border is-style-rounded\" style=\"margin-top:0;margin-right:var(--wp--preset--spacing--70);margin-bottom:0;margin-left:var(--wp--preset--spacing--70)\"><img loading=\"lazy\" decoding=\"async\" width=\"909\" height=\"682\" data-id=\"278\" src=\"https:\/\/procesos-con-ia.com\/wp-content\/uploads\/2025\/10\/IA-1024x682-1-edited.jpg\" alt=\"Procesos tecnol\u00f3gicos\" class=\"wp-image-278\" style=\"border-style:none;border-width:0px;border-radius:45px;box-shadow:var(--wp--preset--shadow--natural)\" srcset=\"https:\/\/procesos-con-ia.com\/wp-content\/uploads\/2025\/10\/IA-1024x682-1-edited.jpg 909w, https:\/\/procesos-con-ia.com\/wp-content\/uploads\/2025\/10\/IA-1024x682-1-edited-300x225.jpg 300w, https:\/\/procesos-con-ia.com\/wp-content\/uploads\/2025\/10\/IA-1024x682-1-edited-768x576.jpg 768w\" sizes=\"auto, (max-width: 909px) 100vw, 909px\" \/><\/figure>\n<\/figure>\n<\/div>\n\n\n\n<div class=\"wp-block-column is-vertically-aligned-center is-layout-flow wp-container-core-column-is-layout-1263b1b8 wp-block-column-is-layout-flow\" style=\"padding-right:0;padding-left:0;flex-basis:50%\">\n<div class=\"wp-block-group is-vertical is-layout-flex wp-container-core-group-is-layout-fe9cc265 wp-block-group-is-layout-flex\">\n<h2 class=\"wp-block-heading is-style-text-annotation\" style=\"font-size:33px\"><strong>Qui\u00e9nes somos<\/strong><\/h2>\n\n\n\n<p class=\"is-style-text-subtitle has-ast-global-color-8-color has-text-color has-link-color wp-elements-bcdeef9f55b577deeb7ed9615ecee6bb\" style=\"font-size:18px\"><strong>Procesos con IA<\/strong> acompa\u00f1a a empresas en la construcci\u00f3n de sistemas de gesti\u00f3n que van m\u00e1s all\u00e1 del simple cumplimiento: impulsan la eficiencia, la confianza y la transformaci\u00f3n digital. Combinamos experiencia en normas internacionales, seguridad de la informaci\u00f3n e inteligencia artificial para ofrecer soluciones integradas, pr\u00e1cticas y adaptadas a cada organizaci\u00f3n.<\/p>\n\n\n\n<div class=\"wp-block-buttons is-horizontal is-content-justification-center is-layout-flex wp-container-core-buttons-is-layout-ecd33c62 wp-block-buttons-is-layout-flex\">\n<div class=\"wp-block-button\"><a class=\"wp-block-button__link has-text-align-center wp-element-button\" href=\"https:\/\/procesos-con-ia.com\/en\/sobre-nosotros\/\" style=\"box-shadow:var(--wp--preset--shadow--natural)\">Conoce m\u00e1s \u2192<\/a><\/div>\n<\/div>\n<\/div>\n<\/div>\n<\/div>\n<\/div>\n\n\n\n<div style=\"height:15px\" aria-hidden=\"true\" class=\"wp-block-spacer\"><\/div>\n\n\n\n<div style=\"height:90px\" aria-hidden=\"true\" class=\"wp-block-spacer\"><\/div>\n\n\n\n<h2 class=\"wp-block-heading alignwide has-text-align-center\" style=\"font-size:33px\"><strong>Nuestros servicios<\/strong><\/h2>\n\n\n\n<div style=\"height:15px\" aria-hidden=\"true\" class=\"wp-block-spacer\"><\/div>\n\n\n\n<div class=\"wp-block-columns alignwide is-not-stacked-on-mobile has-large-font-size is-layout-flex wp-container-core-columns-is-layout-329176d1 wp-block-columns-is-layout-flex\" style=\"margin-top:0;margin-bottom:0;padding-top:0;padding-right:0rem;padding-bottom:0;padding-left:0rem\">\n<div class=\"wp-block-column is-layout-flow wp-container-core-column-is-layout-0dcdf1c0 wp-block-column-is-layout-flow\" style=\"padding-right:0;padding-left:var(--wp--preset--spacing--80);font-size:0rem\">\n<figure class=\"wp-block-image aligncenter size-full is-resized has-custom-border is-style-rounded\" style=\"margin-right:var(--wp--preset--spacing--30);margin-bottom:24px;margin-left:var(--wp--preset--spacing--30)\"><img loading=\"lazy\" decoding=\"async\" width=\"1280\" height=\"720\" src=\"https:\/\/procesos-con-ia.com\/wp-content\/uploads\/2025\/09\/1708035608777.png\" alt=\"Sistema de gesti\u00f3n\" class=\"wp-image-75\" style=\"border-radius:45px;box-shadow:var(--wp--preset--shadow--natural);aspect-ratio:1.3333333333333333;object-fit:cover;width:312px\" srcset=\"https:\/\/procesos-con-ia.com\/wp-content\/uploads\/2025\/09\/1708035608777.png 1280w, https:\/\/procesos-con-ia.com\/wp-content\/uploads\/2025\/09\/1708035608777-300x169.png 300w, https:\/\/procesos-con-ia.com\/wp-content\/uploads\/2025\/09\/1708035608777-1024x576.png 1024w, https:\/\/procesos-con-ia.com\/wp-content\/uploads\/2025\/09\/1708035608777-768x432.png 768w\" sizes=\"auto, (max-width: 1280px) 100vw, 1280px\" \/><\/figure>\n\n\n\n<h3 class=\"wp-block-heading has-text-align-center\" style=\"font-size:28px\">Implementaci\u00f3n de sistema de gesti\u00f3n<\/h3>\n\n\n\n<div style=\"height:13px\" aria-hidden=\"true\" class=\"wp-block-spacer\"><\/div>\n\n\n\n<p class=\"has-text-align-center\" style=\"padding-top:0;padding-bottom:0;font-size:18px\">Dise\u00f1amos e implementamos sistemas de gesti\u00f3n que aportan valor real, integrando normas internacionales de forma pr\u00e1ctica y alineada con el d\u00eda a d\u00eda de las organizaciones.<\/p>\n<\/div>\n\n\n\n<div class=\"wp-block-column is-layout-flow wp-block-column-is-layout-flow\">\n<figure class=\"wp-block-image aligncenter size-full is-resized has-custom-border is-style-rounded\" style=\"margin-right:var(--wp--preset--spacing--30);margin-bottom:24px;margin-left:var(--wp--preset--spacing--30)\"><img loading=\"lazy\" decoding=\"async\" width=\"1248\" height=\"763\" src=\"https:\/\/procesos-con-ia.com\/wp-content\/uploads\/2025\/09\/5147-RPA-Inteligencia-artificial-aplicada-a-la-automatizacion-de-procesos.-1.jpg\" alt=\"Brecha seguridad\" class=\"wp-image-76\" style=\"border-radius:45px;box-shadow:var(--wp--preset--shadow--natural);aspect-ratio:1.3333333333333333;object-fit:cover;width:312px\" srcset=\"https:\/\/procesos-con-ia.com\/wp-content\/uploads\/2025\/09\/5147-RPA-Inteligencia-artificial-aplicada-a-la-automatizacion-de-procesos.-1.jpg 1248w, https:\/\/procesos-con-ia.com\/wp-content\/uploads\/2025\/09\/5147-RPA-Inteligencia-artificial-aplicada-a-la-automatizacion-de-procesos.-1-300x183.jpg 300w, https:\/\/procesos-con-ia.com\/wp-content\/uploads\/2025\/09\/5147-RPA-Inteligencia-artificial-aplicada-a-la-automatizacion-de-procesos.-1-1024x626.jpg 1024w, https:\/\/procesos-con-ia.com\/wp-content\/uploads\/2025\/09\/5147-RPA-Inteligencia-artificial-aplicada-a-la-automatizacion-de-procesos.-1-768x470.jpg 768w\" sizes=\"auto, (max-width: 1248px) 100vw, 1248px\" \/><\/figure>\n\n\n\n<h3 class=\"wp-block-heading has-text-align-center\" style=\"font-size:28px\">An\u00e1lisis de brechas<br> (Gap Assessment)<\/h3>\n\n\n\n<p class=\"has-text-align-center\" style=\"font-size:18px\">El an\u00e1lisis de brechas es el primer paso para avanzar con claridad: identifica qu\u00e9 falta, qu\u00e9 funciona y c\u00f3mo llegar a la certificaci\u00f3n de forma realista y efectiva.<\/p>\n<\/div>\n\n\n\n<div class=\"wp-block-column is-vertically-aligned-top is-layout-flow wp-block-column-is-layout-flow\" style=\"padding-right:var(--wp--preset--spacing--80)\">\n<figure class=\"wp-block-image aligncenter size-full is-resized has-custom-border is-style-rounded\" style=\"margin-right:var(--wp--preset--spacing--30);margin-bottom:24px;margin-left:var(--wp--preset--spacing--30)\"><img loading=\"lazy\" decoding=\"async\" width=\"1024\" height=\"1024\" src=\"https:\/\/procesos-con-ia.com\/wp-content\/uploads\/2025\/09\/1718882169.png\" alt=\"Inteligencia Artificial\" class=\"wp-image-77\" style=\"border-radius:45px;box-shadow:var(--wp--preset--shadow--natural);aspect-ratio:1.3333333333333333;object-fit:cover;width:312px;height:auto\" srcset=\"https:\/\/procesos-con-ia.com\/wp-content\/uploads\/2025\/09\/1718882169.png 1024w, https:\/\/procesos-con-ia.com\/wp-content\/uploads\/2025\/09\/1718882169-300x300.png 300w, https:\/\/procesos-con-ia.com\/wp-content\/uploads\/2025\/09\/1718882169-150x150.png 150w, https:\/\/procesos-con-ia.com\/wp-content\/uploads\/2025\/09\/1718882169-768x768.png 768w\" sizes=\"auto, (max-width: 1024px) 100vw, 1024px\" \/><\/figure>\n\n\n\n<h3 class=\"wp-block-heading has-text-align-center\" style=\"font-size:26px\">An\u00e1lisis de riesgos y planes de tratamiento<\/h3>\n\n\n\n<p class=\"has-text-align-center\" style=\"font-size:18px\">El an\u00e1lisis de riesgos ayuda a identificar amenazas y anticiparse a los problemas con planes de acci\u00f3n realistas y adaptados a cada organizaci\u00f3n.<\/p>\n<\/div>\n<\/div>\n\n\n\n<div style=\"height:35px\" aria-hidden=\"true\" class=\"wp-block-spacer\"><\/div>\n\n\n\n<div class=\"wp-block-columns alignwide is-not-stacked-on-mobile has-large-font-size is-layout-flex wp-container-core-columns-is-layout-329176d1 wp-block-columns-is-layout-flex\" style=\"margin-top:0;margin-bottom:0;padding-top:0;padding-right:0rem;padding-bottom:0;padding-left:0rem\">\n<div class=\"wp-block-column is-layout-flow wp-container-core-column-is-layout-0dcdf1c0 wp-block-column-is-layout-flow\" style=\"padding-right:0;padding-left:var(--wp--preset--spacing--80);font-size:0rem\">\n<figure class=\"wp-block-image aligncenter size-full is-resized has-custom-border is-style-rounded\" style=\"margin-right:var(--wp--preset--spacing--30);margin-bottom:24px;margin-left:var(--wp--preset--spacing--30)\"><img loading=\"lazy\" decoding=\"async\" width=\"1024\" height=\"614\" src=\"https:\/\/procesos-con-ia.com\/wp-content\/uploads\/2025\/10\/sistema-gestion-1024x614-1.jpg\" alt=\"Evaluaci\u00f3n de impacto\" class=\"wp-image-597\" style=\"border-radius:45px;box-shadow:var(--wp--preset--shadow--natural);aspect-ratio:1.3333333333333333;object-fit:cover;width:312px\" srcset=\"https:\/\/procesos-con-ia.com\/wp-content\/uploads\/2025\/10\/sistema-gestion-1024x614-1.jpg 1024w, https:\/\/procesos-con-ia.com\/wp-content\/uploads\/2025\/10\/sistema-gestion-1024x614-1-300x180.jpg 300w, https:\/\/procesos-con-ia.com\/wp-content\/uploads\/2025\/10\/sistema-gestion-1024x614-1-768x461.jpg 768w\" sizes=\"auto, (max-width: 1024px) 100vw, 1024px\" \/><\/figure>\n\n\n\n<h3 class=\"wp-block-heading has-text-align-center\" style=\"font-size:28px\">Evaluaciones de impacto<\/h3>\n\n\n\n<div style=\"height:13px\" aria-hidden=\"true\" class=\"wp-block-spacer\"><\/div>\n\n\n\n<p class=\"has-text-align-center\" style=\"padding-top:0;padding-bottom:0;font-size:18px\">Las evaluaciones de impacto ayudan a anticipar riesgos, responder con claridad y demostrar una gesti\u00f3n responsable frente a la innovaci\u00f3n y el uso de datos.<\/p>\n<\/div>\n\n\n\n<div class=\"wp-block-column is-layout-flow wp-block-column-is-layout-flow\">\n<figure class=\"wp-block-image aligncenter size-full is-resized has-custom-border is-style-rounded\" style=\"margin-right:var(--wp--preset--spacing--30);margin-bottom:24px;margin-left:var(--wp--preset--spacing--30)\"><img loading=\"lazy\" decoding=\"async\" width=\"2000\" height=\"1125\" src=\"https:\/\/procesos-con-ia.com\/wp-content\/uploads\/2025\/10\/codificacion-programacion-ia-huminoide-inteligencia-artificial-robot-futurista_31965-59635.jpg\" alt=\"Robot inform\u00e1tico\" class=\"wp-image-598\" style=\"border-radius:45px;box-shadow:var(--wp--preset--shadow--natural);aspect-ratio:1.3333333333333333;object-fit:cover;width:312px\" srcset=\"https:\/\/procesos-con-ia.com\/wp-content\/uploads\/2025\/10\/codificacion-programacion-ia-huminoide-inteligencia-artificial-robot-futurista_31965-59635.jpg 2000w, https:\/\/procesos-con-ia.com\/wp-content\/uploads\/2025\/10\/codificacion-programacion-ia-huminoide-inteligencia-artificial-robot-futurista_31965-59635-300x169.jpg 300w, https:\/\/procesos-con-ia.com\/wp-content\/uploads\/2025\/10\/codificacion-programacion-ia-huminoide-inteligencia-artificial-robot-futurista_31965-59635-1024x576.jpg 1024w, https:\/\/procesos-con-ia.com\/wp-content\/uploads\/2025\/10\/codificacion-programacion-ia-huminoide-inteligencia-artificial-robot-futurista_31965-59635-768x432.jpg 768w, https:\/\/procesos-con-ia.com\/wp-content\/uploads\/2025\/10\/codificacion-programacion-ia-huminoide-inteligencia-artificial-robot-futurista_31965-59635-1536x864.jpg 1536w\" sizes=\"auto, (max-width: 2000px) 100vw, 2000px\" \/><\/figure>\n\n\n\n<h3 class=\"wp-block-heading has-text-align-center\" style=\"font-size:28px\">Auditor\u00edas de sistemas de gesti\u00f3n<\/h3>\n\n\n\n<p class=\"has-text-align-center\" style=\"font-size:18px\">La auditor\u00eda es una oportunidad para mejorar: aporto una visi\u00f3n externa, pr\u00e1ctica y constructiva que ayuda a fortalecer los sistemas de gesti\u00f3n.<br><\/p>\n<\/div>\n\n\n\n<div class=\"wp-block-column is-vertically-aligned-top is-layout-flow wp-block-column-is-layout-flow\" style=\"padding-right:var(--wp--preset--spacing--80)\">\n<figure class=\"wp-block-image aligncenter size-full is-resized has-custom-border is-style-rounded\" style=\"margin-right:var(--wp--preset--spacing--30);margin-bottom:24px;margin-left:var(--wp--preset--spacing--30)\"><img loading=\"lazy\" decoding=\"async\" width=\"1024\" height=\"749\" src=\"https:\/\/procesos-con-ia.com\/wp-content\/uploads\/2025\/10\/LA-IA-en-las-soluciones-ti-desafios.jpeg\" alt=\"Robot mantenimiento\" class=\"wp-image-599\" style=\"border-radius:45px;box-shadow:var(--wp--preset--shadow--natural);aspect-ratio:1.3333333333333333;object-fit:cover;width:312px;height:auto\" srcset=\"https:\/\/procesos-con-ia.com\/wp-content\/uploads\/2025\/10\/LA-IA-en-las-soluciones-ti-desafios.jpeg 1024w, https:\/\/procesos-con-ia.com\/wp-content\/uploads\/2025\/10\/LA-IA-en-las-soluciones-ti-desafios-300x219.jpeg 300w, https:\/\/procesos-con-ia.com\/wp-content\/uploads\/2025\/10\/LA-IA-en-las-soluciones-ti-desafios-768x562.jpeg 768w\" sizes=\"auto, (max-width: 1024px) 100vw, 1024px\" \/><\/figure>\n\n\n\n<h3 class=\"wp-block-heading has-text-align-center\" style=\"font-size:28px\">Implementaci\u00f3n de soluciones de IA<\/h3>\n\n\n\n<p class=\"has-text-align-center\" style=\"font-size:18px\">Ayudamos a las organizaciones a implementar inteligencia artificial de forma pr\u00e1ctica, segura y alineada con su entorno y sus obligaciones normativas.<\/p>\n<\/div>\n<\/div>\n\n\n\n<div style=\"height:35px\" aria-hidden=\"true\" class=\"wp-block-spacer\"><\/div>\n\n\n\n<div class=\"wp-block-buttons is-horizontal is-content-justification-center is-layout-flex wp-container-core-buttons-is-layout-ee1de7b8 wp-block-buttons-is-layout-flex\" style=\"margin-top:0;margin-bottom:0;padding-top:0;padding-bottom:0\">\n<div class=\"wp-block-button\"><a class=\"wp-block-button__link has-custom-font-size wp-element-button\" href=\"https:\/\/procesos-con-ia.com\/en\/servicios\/\" style=\"box-shadow:var(--wp--preset--shadow--natural);font-size:18px\">M\u00e1s informaci\u00f3n<\/a><\/div>\n<\/div>\n\n\n\n<div style=\"height:35px\" aria-hidden=\"true\" class=\"wp-block-spacer\"><\/div>\n\n\n\n<div class=\"wp-block-group alignfull has-border-color has-ast-global-color-8-border-color has-base-color has-ast-global-color-8-background-color has-text-color has-background is-layout-constrained wp-container-core-group-is-layout-51bc6ebe wp-block-group-is-layout-constrained\" style=\"border-width:7px;margin-top:var(--wp--preset--spacing--40);margin-bottom:var(--wp--preset--spacing--40);padding-top:var(--wp--preset--spacing--80);padding-right:var(--wp--preset--spacing--80);padding-bottom:var(--wp--preset--spacing--80);padding-left:var(--wp--preset--spacing--80)\">\n<div class=\"wp-block-group has-medium-font-size is-content-justification-center is-layout-constrained wp-block-group-is-layout-constrained\">\n<h2 class=\"wp-block-heading has-text-align-center has-ast-global-color-4-color has-text-color\" style=\"font-size:43px\"><em>\u00abEst\u00e1n marcando el camino en la aplicaci\u00f3n real de la inteligencia artificial.\u00bb<\/em><\/h2>\n\n\n\n<div style=\"height:var(--wp--preset--spacing--10)\" aria-hidden=\"true\" class=\"wp-block-spacer\"><\/div>\n\n\n\n<div class=\"wp-block-group is-vertical is-content-justification-center is-nowrap is-layout-flex wp-container-core-group-is-layout-2dc08cea wp-block-group-is-layout-flex\">\n<p class=\"has-text-align-center has-ast-global-color-4-color has-text-color has-link-color wp-elements-8c3929d7a6a5bca66667e5dfe333e8f0\" style=\"margin-top:var(--wp--preset--spacing--10);margin-bottom:0;font-size:18px\">Annie Steiner<\/p>\n\n\n\n<p class=\"has-text-align-center has-ast-global-color-4-color has-text-color\" style=\"font-size:15px;font-style:normal;font-weight:300\">Director General, Greenprint<\/p>\n<\/div>\n<\/div>\n<\/div>\n\n\n\n<div class=\"wp-block-group is-vertical is-content-justification-center is-layout-flex wp-container-core-group-is-layout-766d36c0 wp-block-group-is-layout-flex\" style=\"min-height:360px;margin-top:0;margin-bottom:0;padding-top:0;padding-right:var(--wp--preset--spacing--80);padding-bottom:0;padding-left:var(--wp--preset--spacing--80)\">\n<h2 class=\"wp-block-heading has-text-align-center\" style=\"font-size:33px\"><strong>Cont\u00e1ctanos<\/strong><\/h2>\n\n\n\n<p class=\"has-text-align-center is-style-text-subtitle\" style=\"margin-bottom:0;font-size:18px\">\u00bfTienes un proyecto en mente o quieres saber c\u00f3mo la inteligencia artificial puede transformar tu negocio? Estamos aqu\u00ed para ayudarte.<\/p>\n\n\n\n<div class=\"wp-block-buttons is-content-justification-center is-layout-flex wp-container-core-buttons-is-layout-c3d5205c wp-block-buttons-is-layout-flex\" style=\"margin-top:0;margin-bottom:0\">\n<div class=\"wp-block-button has-custom-width wp-block-button__width-100\"><a class=\"wp-block-button__link has-text-align-center has-custom-font-size wp-element-button\" href=\"https:\/\/procesos-con-ia.com\/en\/contacto\/\" style=\"box-shadow:var(--wp--preset--shadow--natural);font-size:18px\">Contactar<\/a><\/div>\n<\/div>\n<\/div>","protected":false},"excerpt":{"rendered":"<p>Qui\u00e9nes somos Procesos con IA acompa\u00f1a a empresas en la construcci\u00f3n de sistemas de gesti\u00f3n que van m\u00e1s all\u00e1 del [&hellip;]<\/p>","protected":false},"author":2,"featured_media":0,"parent":0,"menu_order":0,"comment_status":"closed","ping_status":"closed","template":"","meta":{"site-sidebar-layout":"default","site-content-layout":"","ast-site-content-layout":"full-width-container","site-content-style":"default","site-sidebar-style":"default","ast-global-header-display":"","ast-banner-title-visibility":"","ast-main-header-display":"","ast-hfb-above-header-display":"","ast-hfb-below-header-display":"","ast-hfb-mobile-header-display":"","site-post-title":"disabled","ast-breadcrumbs-content":"","ast-featured-img":"","footer-sml-layout":"","theme-transparent-header-meta":"","adv-header-id-meta":"","stick-header-meta":"","header-above-stick-meta":"","header-main-stick-meta":"","header-below-stick-meta":"","astra-migrate-meta-layouts":"default","ast-page-background-enabled":"default","ast-page-background-meta":{"desktop":{"background-color":"var(--ast-global-color-5)","background-image":"","background-repeat":"repeat","background-position":"center center","background-size":"auto","background-attachment":"scroll","background-type":"","background-media":"","overlay-type":"","overlay-color":"","overlay-opacity":"","overlay-gradient":""},"tablet":{"background-color":"","background-image":"","background-repeat":"repeat","background-position":"center center","background-size":"auto","background-attachment":"scroll","background-type":"","background-media":"","overlay-type":"","overlay-color":"","overlay-opacity":"","overlay-gradient":""},"mobile":{"background-color":"","background-image":"","background-repeat":"repeat","background-position":"center center","background-size":"auto","background-attachment":"scroll","background-type":"","background-media":"","overlay-type":"","overlay-color":"","overlay-opacity":"","overlay-gradient":""}},"ast-content-background-meta":{"desktop":{"background-color":"var(--ast-global-color-4)","background-image":"","background-repeat":"repeat","background-position":"center center","background-size":"auto","background-attachment":"scroll","background-type":"","background-media":"","overlay-type":"","overlay-color":"","overlay-opacity":"","overlay-gradient":""},"tablet":{"background-color":"var(--ast-global-color-4)","background-image":"","background-repeat":"repeat","background-position":"center center","background-size":"auto","background-attachment":"scroll","background-type":"","background-media":"","overlay-type":"","overlay-color":"","overlay-opacity":"","overlay-gradient":""},"mobile":{"background-color":"var(--ast-global-color-4)","background-image":"","background-repeat":"repeat","background-position":"center center","background-size":"auto","background-attachment":"scroll","background-type":"","background-media":"","overlay-type":"","overlay-color":"","overlay-opacity":"","overlay-gradient":""}},"footnotes":""},"class_list":["post-8","page","type-page","status-publish","hentry"],"_links":{"self":[{"href":"https:\/\/procesos-con-ia.com\/en\/wp-json\/wp\/v2\/pages\/8","targetHints":{"allow":["GET"]}}],"collection":[{"href":"https:\/\/procesos-con-ia.com\/en\/wp-json\/wp\/v2\/pages"}],"about":[{"href":"https:\/\/procesos-con-ia.com\/en\/wp-json\/wp\/v2\/types\/page"}],"author":[{"embeddable":true,"href":"https:\/\/procesos-con-ia.com\/en\/wp-json\/wp\/v2\/users\/2"}],"replies":[{"embeddable":true,"href":"https:\/\/procesos-con-ia.com\/en\/wp-json\/wp\/v2\/comments?post=8"}],"version-history":[{"count":188,"href":"https:\/\/procesos-con-ia.com\/en\/wp-json\/wp\/v2\/pages\/8\/revisions"}],"predecessor-version":[{"id":874,"href":"https:\/\/procesos-con-ia.com\/en\/wp-json\/wp\/v2\/pages\/8\/revisions\/874"}],"wp:attachment":[{"href":"https:\/\/procesos-con-ia.com\/en\/wp-json\/wp\/v2\/media?parent=8"}],"curies":[{"name":"wp","href":"https:\/\/api.w.org\/{rel}","templated":true}]}}