{"id":27,"date":"2025-09-29T09:49:18","date_gmt":"2025-09-29T09:49:18","guid":{"rendered":"https:\/\/procesos-con-ia.com\/?page_id=27"},"modified":"2025-10-10T10:05:53","modified_gmt":"2025-10-10T10:05:53","slug":"contacto","status":"publish","type":"page","link":"https:\/\/procesos-con-ia.com\/en\/contacto\/","title":{"rendered":"Contacto"},"content":{"rendered":"<hr class=\"wp-block-separator aligncenter has-alpha-channel-opacity is-style-wide\" style=\"margin-top:0;margin-bottom:0\"\/>\n\n\n\n<div class=\"wp-block-group is-layout-constrained wp-container-core-group-is-layout-f44438b0 wp-block-group-is-layout-constrained\">\n<div class=\"wp-block-group alignwide is-layout-constrained wp-block-group-is-layout-constrained\" style=\"margin-top:var(--wp--preset--spacing--60);padding-bottom:0\">\n<p class=\"has-text-align-center\" style=\"margin-top:var(--wp--preset--spacing--20)\">Ll\u00e1manos por tel\u00e9fono o env\u00edanos un correo electr\u00f3nico.<\/p>\n\n\n\n<div class=\"wp-block-cover is-light has-parallax has-custom-content-position is-position-top-center\" style=\"padding-right:0;padding-left:0;box-shadow:var(--wp--preset--shadow--deep);min-height:198px;aspect-ratio:unset;\"><div class=\"wp-block-cover__image-background wp-image-687 size-full has-parallax\" style=\"background-position:50% 50%;background-image:url(https:\/\/procesos-con-ia.com\/wp-content\/uploads\/2025\/10\/fondo-blanco_1314592-2749.avif)\"><\/div><span aria-hidden=\"true\" class=\"wp-block-cover__background has-background-dim-0 has-background-dim\"><\/span><div class=\"wp-block-cover__inner-container is-layout-flow wp-block-cover-is-layout-flow\">\n<div class=\"wp-block-group is-vertical is-layout-flex wp-container-core-group-is-layout-9cc34538 wp-block-group-is-layout-flex\" style=\"min-height:0px;margin-top:0;padding-top:var(--wp--preset--spacing--20);padding-bottom:var(--wp--preset--spacing--40)\">\n<p class=\"has-text-align-left has-medium-font-size\" style=\"margin-top:0;margin-bottom:0;margin-left:var(--wp--preset--spacing--70);padding-top:0;padding-bottom:0\">Informaci\u00f3n:<\/p>\n\n\n\n<div class=\"wp-block-group is-content-justification-center is-nowrap is-layout-flex wp-container-core-group-is-layout-5a34f42e wp-block-group-is-layout-flex\" style=\"margin-top:0;padding-top:0;padding-bottom:0\">\n<figure class=\"wp-block-image size-large is-resized\" style=\"margin-left:5rem\"><img decoding=\"async\" src=\"https:\/\/procesos-con-ia.com\/wp-content\/uploads\/2025\/10\/icono-telf.jpg\" alt=\"Tel\u00e9fono\" style=\"box-shadow:none;width:35px\"\/><\/figure>\n\n\n\n<p class=\"has-ast-global-color-2-color has-text-color has-link-color wp-elements-2bc1d3c26e205e876b0a22b265ea2d24\" style=\"margin-top:var(--wp--preset--spacing--20);margin-right:0;margin-bottom:var(--wp--preset--spacing--20);padding-top:var(--wp--preset--spacing--20);padding-right:0\"><a href=\"tel:+34639844802\" target=\"_blank\" rel=\"noreferrer noopener\">639844802<\/a><\/p>\n<\/div>\n\n\n\n<div class=\"wp-block-group is-nowrap is-layout-flex wp-container-core-group-is-layout-f2b598a3 wp-block-group-is-layout-flex\" style=\"min-height:0px;margin-top:0;margin-bottom:0;padding-top:var(--wp--preset--spacing--20);padding-bottom:0\">\n<figure class=\"wp-block-image size-large is-resized\" style=\"margin-right:0;margin-left:4.6rem\"><img decoding=\"async\" src=\"https:\/\/procesos-con-ia.com\/wp-content\/uploads\/2025\/10\/icono-email.jpg\" alt=\"Email\" style=\"box-shadow:none;width:45px\"\/><\/figure>\n\n\n\n<p class=\"has-ast-global-color-8-color has-text-color has-link-color wp-elements-f1f551a43a3d57dbeb4d7a52e8d0cb26\" style=\"margin-top:var(--wp--preset--spacing--20);margin-bottom:var(--wp--preset--spacing--30)\"><a href=\"mailto:elvirapelaezarango@gmail.com\" target=\"_blank\" rel=\"noreferrer noopener\">elvirapelaezarango@gmail.com<\/a><\/p>\n<\/div>\n<\/div>\n<\/div><\/div>\n<\/div>\n<\/div>\n\n\n\n<p><\/p>","protected":false},"excerpt":{"rendered":"<p>Ll\u00e1manos por tel\u00e9fono o env\u00edanos un correo electr\u00f3nico.<\/p>","protected":false},"author":2,"featured_media":0,"parent":0,"menu_order":0,"comment_status":"closed","ping_status":"closed","template":"","meta":{"site-sidebar-layout":"default","site-content-layout":"","ast-site-content-layout":"default","site-content-style":"default","site-sidebar-style":"default","ast-global-header-display":"","ast-banner-title-visibility":"","ast-main-header-display":"","ast-hfb-above-header-display":"","ast-hfb-below-header-display":"","ast-hfb-mobile-header-display":"","site-post-title":"","ast-breadcrumbs-content":"","ast-featured-img":"","footer-sml-layout":"","theme-transparent-header-meta":"","adv-header-id-meta":"","stick-header-meta":"","header-above-stick-meta":"","header-main-stick-meta":"","header-below-stick-meta":"","astra-migrate-meta-layouts":"default","ast-page-background-enabled":"default","ast-page-background-meta":{"desktop":{"background-color":"var(--ast-global-color-5)","background-image":"","background-repeat":"repeat","background-position":"center center","background-size":"auto","background-attachment":"scroll","background-type":"","background-media":"","overlay-type":"","overlay-color":"","overlay-opacity":"","overlay-gradient":""},"tablet":{"background-color":"","background-image":"","background-repeat":"repeat","background-position":"center center","background-size":"auto","background-attachment":"scroll","background-type":"","background-media":"","overlay-type":"","overlay-color":"","overlay-opacity":"","overlay-gradient":""},"mobile":{"background-color":"","background-image":"","background-repeat":"repeat","background-position":"center center","background-size":"auto","background-attachment":"scroll","background-type":"","background-media":"","overlay-type":"","overlay-color":"","overlay-opacity":"","overlay-gradient":""}},"ast-content-background-meta":{"desktop":{"background-color":"var(--ast-global-color-4)","background-image":"","background-repeat":"repeat","background-position":"center center","background-size":"auto","background-attachment":"scroll","background-type":"","background-media":"","overlay-type":"","overlay-color":"","overlay-opacity":"","overlay-gradient":""},"tablet":{"background-color":"var(--ast-global-color-4)","background-image":"","background-repeat":"repeat","background-position":"center center","background-size":"auto","background-attachment":"scroll","background-type":"","background-media":"","overlay-type":"","overlay-color":"","overlay-opacity":"","overlay-gradient":""},"mobile":{"background-color":"var(--ast-global-color-4)","background-image":"","background-repeat":"repeat","background-position":"center center","background-size":"auto","background-attachment":"scroll","background-type":"","background-media":"","overlay-type":"","overlay-color":"","overlay-opacity":"","overlay-gradient":""}},"footnotes":""},"class_list":["post-27","page","type-page","status-publish","hentry"],"_links":{"self":[{"href":"https:\/\/procesos-con-ia.com\/en\/wp-json\/wp\/v2\/pages\/27","targetHints":{"allow":["GET"]}}],"collection":[{"href":"https:\/\/procesos-con-ia.com\/en\/wp-json\/wp\/v2\/pages"}],"about":[{"href":"https:\/\/procesos-con-ia.com\/en\/wp-json\/wp\/v2\/types\/page"}],"author":[{"embeddable":true,"href":"https:\/\/procesos-con-ia.com\/en\/wp-json\/wp\/v2\/users\/2"}],"replies":[{"embeddable":true,"href":"https:\/\/procesos-con-ia.com\/en\/wp-json\/wp\/v2\/comments?post=27"}],"version-history":[{"count":77,"href":"https:\/\/procesos-con-ia.com\/en\/wp-json\/wp\/v2\/pages\/27\/revisions"}],"predecessor-version":[{"id":837,"href":"https:\/\/procesos-con-ia.com\/en\/wp-json\/wp\/v2\/pages\/27\/revisions\/837"}],"wp:attachment":[{"href":"https:\/\/procesos-con-ia.com\/en\/wp-json\/wp\/v2\/media?parent=27"}],"curies":[{"name":"wp","href":"https:\/\/api.w.org\/{rel}","templated":true}]}}